{"id":2486,"date":"2022-05-22T12:39:59","date_gmt":"2022-05-22T09:39:59","guid":{"rendered":"https:\/\/venetostalis.gr\/?page_id=2486"},"modified":"2026-02-03T21:03:29","modified_gmt":"2026-02-03T18:03:29","slug":"frequently-asked-questions","status":"publish","type":"page","link":"https:\/\/venetostalis.gr\/de\/frequently-asked-questions\/","title":{"rendered":"H\u00e4ufig gestellte Fragen"},"content":{"rendered":"<div class=\"vc_row wpb_row vc_row-fluid\"><div class=\"wpb_column vc_column_container vc_col-sm-12\"><div class=\"vc_column-inner\"><div class=\"wpb_wrapper\"><div  class=\"vc_toggle vc_toggle_rounded vc_toggle_color_default vc_toggle_color_inverted vc_toggle_size_md vc_toggle_active\"><div class=\"vc_toggle_title\"><h4>Liegt das Hotel in einer ruhigen oder lauten Umgebung?<\/h4><i class=\"vc_toggle_icon\"><\/i><\/div><div class=\"vc_toggle_content\"><p>Die Veneto Sea View Apartments befinden sich in einer ruhigen Umgebung, entlang der Strandstra\u00dfe vor der Bucht von Stalis und neben dem Strand. Es gibt Cafeterias und Gesch\u00e4fte in der N\u00e4he, aber nachts gibt es kaum L\u00e4rm.<\/p>\n<\/div><\/div><div  class=\"vc_toggle vc_toggle_rounded vc_toggle_color_default vc_toggle_color_inverted vc_toggle_size_md\"><div class=\"vc_toggle_title\"><h4>Bietet das Veneto Sea View Apartments einen Privatparkplatz?<\/h4><i class=\"vc_toggle_icon\"><\/i><\/div><div class=\"vc_toggle_content\"><p>Ja, unser Hotel verf\u00fcgt \u00fcber einen kostenlosen Privatparkplatz.<\/p>\n<\/div><\/div><div  class=\"vc_toggle vc_toggle_rounded vc_toggle_color_default vc_toggle_color_inverted vc_toggle_size_md\"><div class=\"vc_toggle_title\"><h4>Sind Haustiere in den Veneto Apartments erlaubt?<\/h4><i class=\"vc_toggle_icon\"><\/i><\/div><div class=\"vc_toggle_content\"><div class=\"elementor-toggle-item\">\n<div id=\"elementor-tab-content-1667\" class=\"elementor-tab-content elementor-clearfix elementor-active\" role=\"tabpanel\" data-tab=\"7\" aria-labelledby=\"elementor-tab-title-1667\">\n<p>Haustiere sind in unserem Hotel auf Anfrage gestattet. Pers\u00f6nlich lieben wir Haustiere, aber nicht alle G\u00e4ste der Veneto Sea View Apartments sind von ihnen bezaubert. Wir bedanken uns f\u00fcr ihr Verst\u00e4ndnis.<\/p>\n<\/div>\n<\/div>\n<div class=\"elementor-toggle-item\">\n<div id=\"elementor-tab-title-1668\" class=\"elementor-tab-title\" role=\"tab\" data-tab=\"8\" aria-controls=\"elementor-tab-content-1668\" aria-expanded=\"false\"><\/div>\n<\/div>\n<\/div><\/div><div  class=\"vc_toggle vc_toggle_rounded vc_toggle_color_default vc_toggle_color_inverted vc_toggle_size_md\"><div class=\"vc_toggle_title\"><h4>Wie weit ist das Hotel vom Dorfzentrum und vom Strand entfernt?<\/h4><i class=\"vc_toggle_icon\"><\/i><\/div><div class=\"vc_toggle_content\"><div class=\"elementor-toggle-item\">\n<div id=\"elementor-tab-content-1667\" class=\"elementor-tab-content elementor-clearfix elementor-active\" role=\"tabpanel\" data-tab=\"7\" aria-labelledby=\"elementor-tab-title-1667\">\n<p><span style=\"font-size: 1.125rem;\">The<\/span><span style=\"font-size: 1.125rem;\"> Die Veneto Sea View Apartments sind bequem zu Fu\u00df (ca. 5 Min.) vom Zentrum von Stalis zu erreichen und der sch\u00f6ne Strand liegt Ihnen praktisch zu F\u00fc\u00dfen. Stalis Gesch\u00e4fte und einladende Tavernen sind nur wenige Minuten entfernt.<\/span><\/p>\n<div class=\"elementor-toggle-item\">\n<div id=\"elementor-tab-title-16610\" class=\"elementor-tab-title\" role=\"tab\" data-tab=\"10\" aria-controls=\"elementor-tab-content-16610\" aria-expanded=\"false\"><\/div>\n<\/div>\n<\/div>\n<\/div>\n<div class=\"elementor-toggle-item\">\n<div id=\"elementor-tab-title-1668\" class=\"elementor-tab-title\" role=\"tab\" data-tab=\"8\" aria-controls=\"elementor-tab-content-1668\" aria-expanded=\"false\"><\/div>\n<\/div>\n<\/div><\/div><div  class=\"vc_toggle vc_toggle_rounded vc_toggle_color_default vc_toggle_color_inverted vc_toggle_size_md\"><div class=\"vc_toggle_title\"><h4>Kann ich im Notfall einen englischsprachigen Arzt konsultieren?<\/h4><i class=\"vc_toggle_icon\"><\/i><\/div><div class=\"vc_toggle_content\"><div class=\"elementor-toggle-item\">\n<div id=\"elementor-tab-content-1667\" class=\"elementor-tab-content elementor-clearfix elementor-active\" role=\"tabpanel\" data-tab=\"7\" aria-labelledby=\"elementor-tab-title-1667\">\n<p class=\"answer\">Ja, in Stalis und Malia gibt es ausgezeichnete englisch-\/deutschsprachige \u00c4rzte. Stalis und Malia haben ein rund um die Uhr ge\u00f6ffnetes privates medizinisches Zentrum sowie einen qualifizierten Zahnarzt und mehrere Apotheken.<\/p>\n<div class=\"elementor-toggle-item\">\n<div id=\"elementor-tab-title-16610\" class=\"elementor-tab-title\" role=\"tab\" data-tab=\"10\" aria-controls=\"elementor-tab-content-16610\" aria-expanded=\"false\"><\/div>\n<\/div>\n<\/div>\n<\/div>\n<div class=\"elementor-toggle-item\">\n<div id=\"elementor-tab-title-1668\" class=\"elementor-tab-title\" role=\"tab\" data-tab=\"8\" aria-controls=\"elementor-tab-content-1668\" aria-expanded=\"false\"><\/div>\n<\/div>\n<\/div><\/div><div  class=\"vc_toggle vc_toggle_rounded vc_toggle_color_default vc_toggle_color_inverted vc_toggle_size_md\"><div class=\"vc_toggle_title\"><h4>Gibt es eine Bushaltestelle\/Taxistand in der N\u00e4he?<\/h4><i class=\"vc_toggle_icon\"><\/i><\/div><div class=\"vc_toggle_content\"><div class=\"elementor-toggle-item\">\n<div id=\"elementor-tab-content-1667\" class=\"elementor-tab-content elementor-clearfix elementor-active\" role=\"tabpanel\" data-tab=\"7\" aria-labelledby=\"elementor-tab-title-1667\">\n<div class=\"elementor-toggle-item\">\n<div id=\"elementor-tab-content-16612\" class=\"elementor-tab-content elementor-clearfix elementor-active\" role=\"tabpanel\" data-tab=\"12\" aria-labelledby=\"elementor-tab-title-16612\">\n<p class=\"answer\">Yes, a bus stop is nearby (200m. from our hotel) and a taxi can be called at anytime.<\/p>\n<\/div>\n<\/div>\n<div class=\"elementor-toggle-item\">\n<div id=\"elementor-tab-title-16613\" class=\"elementor-tab-title\" role=\"tab\" data-tab=\"13\" aria-controls=\"elementor-tab-content-16613\" aria-expanded=\"false\"><\/div>\n<\/div>\n<div class=\"elementor-toggle-item\">\n<div id=\"elementor-tab-title-16610\" class=\"elementor-tab-title\" role=\"tab\" data-tab=\"10\" aria-controls=\"elementor-tab-content-16610\" aria-expanded=\"false\"><\/div>\n<\/div>\n<\/div>\n<\/div>\n<div class=\"elementor-toggle-item\">\n<div id=\"elementor-tab-title-1668\" class=\"elementor-tab-title\" role=\"tab\" data-tab=\"8\" aria-controls=\"elementor-tab-content-1668\" aria-expanded=\"false\"><\/div>\n<\/div>\n<\/div><\/div><div  class=\"vc_toggle vc_toggle_rounded vc_toggle_color_default vc_toggle_color_inverted vc_toggle_size_md\"><div class=\"vc_toggle_title\"><h4>Kann ich auf das Internet zugreifen?<\/h4><i class=\"vc_toggle_icon\"><\/i><\/div><div class=\"vc_toggle_content\"><div class=\"elementor-toggle-item\">\n<div id=\"elementor-tab-content-1667\" class=\"elementor-tab-content elementor-clearfix elementor-active\" role=\"tabpanel\" data-tab=\"7\" aria-labelledby=\"elementor-tab-title-1667\">\n<div class=\"elementor-toggle-item\">\n<div id=\"elementor-tab-content-16612\" class=\"elementor-tab-content elementor-clearfix elementor-active\" role=\"tabpanel\" data-tab=\"12\" aria-labelledby=\"elementor-tab-title-16612\">\n<div class=\"elementor-toggle-item\">\n<div id=\"elementor-tab-content-16613\" class=\"elementor-tab-content elementor-clearfix elementor-active\" role=\"tabpanel\" data-tab=\"13\" aria-labelledby=\"elementor-tab-title-16613\">\n<p class=\"answer\">Yes, our hotel provides (central) Internet access and has a free Wi-Fi zone.<\/p>\n<\/div>\n<\/div>\n<div class=\"elementor-toggle-item\">\n<div id=\"elementor-tab-title-16614\" class=\"elementor-tab-title\" role=\"tab\" data-tab=\"14\" aria-controls=\"elementor-tab-content-16614\" aria-expanded=\"false\"><\/div>\n<\/div>\n<\/div>\n<\/div>\n<div class=\"elementor-toggle-item\">\n<div id=\"elementor-tab-title-16613\" class=\"elementor-tab-title\" role=\"tab\" data-tab=\"13\" aria-controls=\"elementor-tab-content-16613\" aria-expanded=\"false\"><\/div>\n<\/div>\n<div class=\"elementor-toggle-item\">\n<div id=\"elementor-tab-title-16610\" class=\"elementor-tab-title\" role=\"tab\" data-tab=\"10\" aria-controls=\"elementor-tab-content-16610\" aria-expanded=\"false\"><\/div>\n<\/div>\n<\/div>\n<\/div>\n<div class=\"elementor-toggle-item\">\n<div id=\"elementor-tab-title-1668\" class=\"elementor-tab-title\" role=\"tab\" data-tab=\"8\" aria-controls=\"elementor-tab-content-1668\" aria-expanded=\"false\"><\/div>\n<\/div>\n<\/div><\/div><div  class=\"vc_toggle vc_toggle_rounded vc_toggle_color_default vc_toggle_color_inverted vc_toggle_size_md\"><div class=\"vc_toggle_title\"><h4>How far is it to Heraklion?<\/h4><i class=\"vc_toggle_icon\"><\/i><\/div><div class=\"vc_toggle_content\"><div class=\"elementor-toggle-item\">\n<div id=\"elementor-tab-content-1667\" class=\"elementor-tab-content elementor-clearfix elementor-active\" role=\"tabpanel\" data-tab=\"7\" aria-labelledby=\"elementor-tab-title-1667\">\n<div class=\"elementor-toggle-item\">\n<div id=\"elementor-tab-content-16612\" class=\"elementor-tab-content elementor-clearfix elementor-active\" role=\"tabpanel\" data-tab=\"12\" aria-labelledby=\"elementor-tab-title-16612\">\n<div class=\"elementor-toggle-item\">\n<div id=\"elementor-tab-content-16613\" class=\"elementor-tab-content elementor-clearfix elementor-active\" role=\"tabpanel\" data-tab=\"13\" aria-labelledby=\"elementor-tab-title-16613\">\n<div class=\"elementor-toggle-item\">\n<div id=\"elementor-tab-content-16619\" class=\"elementor-tab-content elementor-clearfix elementor-active\" role=\"tabpanel\" data-tab=\"19\" aria-labelledby=\"elementor-tab-title-16619\">\n<p class=\"answer\">Heraklion, Kretas Hauptstadt, liegt 30 km westlich von Stalis \u2013 Malia (40 Min. mit dem Bus, 25 Min. mit dem Auto).<\/p>\n<\/div>\n<\/div>\n<div class=\"elementor-toggle-item\">\n<div id=\"elementor-tab-title-16620\" class=\"elementor-tab-title\" role=\"tab\" data-tab=\"20\" aria-controls=\"elementor-tab-content-16620\" aria-expanded=\"false\"><\/div>\n<\/div>\n<\/div>\n<\/div>\n<\/div>\n<\/div>\n<\/div>\n<\/div>\n<\/div><\/div><div  class=\"vc_toggle vc_toggle_rounded vc_toggle_color_default vc_toggle_color_inverted vc_toggle_size_md\"><div class=\"vc_toggle_title\"><h4>Kann ich ein Auto mieten?<\/h4><i class=\"vc_toggle_icon\"><\/i><\/div><div class=\"vc_toggle_content\"><div class=\"elementor-toggle-item\">\n<div id=\"elementor-tab-content-1667\" class=\"elementor-tab-content elementor-clearfix elementor-active\" role=\"tabpanel\" data-tab=\"7\" aria-labelledby=\"elementor-tab-title-1667\">\n<div class=\"elementor-toggle-item\">\n<div id=\"elementor-tab-content-16612\" class=\"elementor-tab-content elementor-clearfix elementor-active\" role=\"tabpanel\" data-tab=\"12\" aria-labelledby=\"elementor-tab-title-16612\">\n<div class=\"elementor-toggle-item\">\n<div id=\"elementor-tab-content-16613\" class=\"elementor-tab-content elementor-clearfix elementor-active\" role=\"tabpanel\" data-tab=\"13\" aria-labelledby=\"elementor-tab-title-16613\">\n<section class=\"elementor-section elementor-inner-section elementor-element elementor-element-751787c9 elementor-section-boxed elementor-section-height-default elementor-section-height-default\" data-id=\"751787c9\" data-element_type=\"section\" data-settings=\"{&quot;background_background&quot;:&quot;classic&quot;}\">\n<div class=\"elementor-container elementor-column-gap-default\">\n<div class=\"elementor-column elementor-col-100 elementor-inner-column elementor-element elementor-element-6080c8a2\" data-id=\"6080c8a2\" data-element_type=\"column\" data-settings=\"{&quot;background_background&quot;:&quot;classic&quot;}\">\n<div class=\"elementor-widget-wrap elementor-element-populated\">\n<div class=\"elementor-element elementor-element-6320e3af elementor-widget elementor-widget-toggle\" data-id=\"6320e3af\" data-element_type=\"widget\" data-widget_type=\"toggle.default\">\n<div class=\"elementor-widget-container\">\n<div class=\"elementor-toggle\" role=\"tablist\">\n<div class=\"elementor-toggle-item\">\n<div id=\"elementor-tab-content-16622\" class=\"elementor-tab-content elementor-clearfix elementor-active\" role=\"tabpanel\" data-tab=\"22\" aria-labelledby=\"elementor-tab-title-16622\">\n<p class=\"answer\">Mietwagen sind leicht verf\u00fcgbar, oder fragen Sie einfach unser Hotelpersonal, Ihnen behilflich zu sein.<\/p>\n<\/div>\n<\/div>\n<\/div>\n<\/div>\n<\/div>\n<\/div>\n<\/div>\n<\/div>\n<\/section>\n<div class=\"elementor-element elementor-element-35c46567 elementor-widget elementor-widget-spacer\" data-id=\"35c46567\" data-element_type=\"widget\" data-widget_type=\"spacer.default\">\n<div class=\"elementor-widget-container\">\n<div class=\"elementor-spacer\"><\/div>\n<\/div>\n<\/div>\n<\/div>\n<\/div>\n<div class=\"elementor-toggle-item\">\n<div id=\"elementor-tab-title-16614\" class=\"elementor-tab-title\" role=\"tab\" data-tab=\"14\" aria-controls=\"elementor-tab-content-16614\" aria-expanded=\"false\"><\/div>\n<\/div>\n<\/div>\n<\/div>\n<div class=\"elementor-toggle-item\">\n<div id=\"elementor-tab-title-16613\" class=\"elementor-tab-title\" role=\"tab\" data-tab=\"13\" aria-controls=\"elementor-tab-content-16613\" aria-expanded=\"false\"><\/div>\n<\/div>\n<div class=\"elementor-toggle-item\">\n<div id=\"elementor-tab-title-16610\" class=\"elementor-tab-title\" role=\"tab\" data-tab=\"10\" aria-controls=\"elementor-tab-content-16610\" aria-expanded=\"false\"><\/div>\n<\/div>\n<\/div>\n<\/div>\n<div class=\"elementor-toggle-item\">\n<div id=\"elementor-tab-title-1668\" class=\"elementor-tab-title\" role=\"tab\" data-tab=\"8\" aria-controls=\"elementor-tab-content-1668\" aria-expanded=\"false\"><\/div>\n<\/div>\n<\/div><\/div><\/div><\/div><\/div><\/div>","protected":false},"excerpt":{"rendered":"Is the hotel situated in a quiet or a loud environment?Veneto Sea View Apartments are situated in a quiet environment, along the beach road in front of the Stalis Bay and next to the beach. There are cafeterias and shops nearby, but there is hardly any noise at night. Does Veneto Sea View Apartments provide [...]","protected":false},"author":1,"featured_media":0,"parent":0,"menu_order":0,"comment_status":"closed","ping_status":"closed","template":"","meta":{"footnotes":""},"folder":[],"class_list":["post-2486","page","type-page","status-publish","hentry"],"_links":{"self":[{"href":"https:\/\/venetostalis.gr\/de\/wp-json\/wp\/v2\/pages\/2486","targetHints":{"allow":["GET"]}}],"collection":[{"href":"https:\/\/venetostalis.gr\/de\/wp-json\/wp\/v2\/pages"}],"about":[{"href":"https:\/\/venetostalis.gr\/de\/wp-json\/wp\/v2\/types\/page"}],"author":[{"embeddable":true,"href":"https:\/\/venetostalis.gr\/de\/wp-json\/wp\/v2\/users\/1"}],"replies":[{"embeddable":true,"href":"https:\/\/venetostalis.gr\/de\/wp-json\/wp\/v2\/comments?post=2486"}],"version-history":[{"count":9,"href":"https:\/\/venetostalis.gr\/de\/wp-json\/wp\/v2\/pages\/2486\/revisions"}],"predecessor-version":[{"id":2515,"href":"https:\/\/venetostalis.gr\/de\/wp-json\/wp\/v2\/pages\/2486\/revisions\/2515"}],"wp:attachment":[{"href":"https:\/\/venetostalis.gr\/de\/wp-json\/wp\/v2\/media?parent=2486"}],"wp:term":[{"taxonomy":"folder","embeddable":true,"href":"https:\/\/venetostalis.gr\/de\/wp-json\/wp\/v2\/folder?post=2486"}],"curies":[{"name":"wp","href":"https:\/\/api.w.org\/{rel}","templated":true}]}}