{"id":46,"date":"2015-08-18T15:41:05","date_gmt":"2015-08-18T13:41:05","guid":{"rendered":"http:\/\/beta.themetwins.com\/calluna-beta\/?page_id=46"},"modified":"2026-02-02T16:45:06","modified_gmt":"2026-02-02T13:45:06","slug":"accommodation","status":"publish","type":"page","link":"https:\/\/venetostalis.gr\/de\/accommodation\/","title":{"rendered":"Unterkunft"},"content":{"rendered":"<div data-vc-full-width=\"true\" data-vc-full-width-init=\"false\" class=\"vc_row wpb_row vc_row-fluid vc_custom_1652809775265 vc_row-has-fill\"><div class=\"wpb_column vc_column_container vc_col-sm-6\"><div class=\"vc_column-inner\"><div class=\"wpb_wrapper\"><h2 class=\"calluna-heading calluna-heading-single-line text-align-left\" ><span>Magische Aussichten<\/span><\/h2>\n\t<div class=\"wpb_text_column wpb_content_element\" >\n\t\t<div class=\"wpb_wrapper\">\n\t\t\t<p class=\"teaser\" style=\"color:#444444; text-align:left;\">Die Veneto Sea View Apartments werden von einer Familie gef\u00fchrt und als Gast genie\u00dfen Sie die kretische Gastfreundschaft und das Gef\u00fchl, \u201ezu Hause\u201c zu sein. Die Veneto Sea View Apartments \u00fcberblicken die Bucht von Stalis, was bedeutet, dass Gesch\u00e4fte und Restaurants in unmittelbarer N\u00e4he sind. Die Appartements sind mit einer Kochnische (zwei Kochplatten, Wasserkocher und andere Ger\u00e4te) ausgestattet. <\/p>\n\n\t\t<\/div>\n\t<\/div>\n<\/div><\/div><\/div><div class=\"wpb_column vc_column_container vc_col-sm-6\"><div class=\"vc_column-inner\"><div class=\"wpb_wrapper\"><h2 class=\"calluna-heading calluna-heading-single-line text-align-left\" ><span>Gastfreundschaft<\/span><\/h2>\n\t<div class=\"wpb_text_column wpb_content_element\" >\n\t\t<div class=\"wpb_wrapper\">\n\t\t\t<p class=\"teaser\" style=\"color:#444444; text-align:left;\">Die Veneto Sea View Apartments befinden sich im ersten und zweiten Stock und bieten eine Reihe von Einrichtungen, die darauf abzielen, Ihren Aufenthalt angenehm zu gestalten: Es gibt einen 28-Zoll-Flachbild-Satellitenfernseher in jedem Zimmer, einen Safe und eine Klimaanlage und kostenloser WLAN-Internetzugang wird in allen R\u00e4umen (einschlie\u00dflich der Zimmer) angeboten.<\/p>\n\n\t\t<\/div>\n\t<\/div>\n<\/div><\/div><\/div><\/div><div class=\"vc_row-full-width vc_clearfix\"><\/div><div id=\"rooms\" data-vc-full-width=\"true\" data-vc-full-width-init=\"false\" class=\"vc_row wpb_row vc_row-fluid\"><div class=\"wpb_column vc_column_container vc_col-sm-12\"><div class=\"vc_column-inner vc_custom_1442761233376\"><div class=\"wpb_wrapper\"><div class=\"vc_empty_space\"   style=\"height: 100px\"><span class=\"vc_empty_space_inner\"><\/span><\/div>\t\t\t<div class=\"calluna-room-grid calluna-grid calluna-clearfix classic\">\n\n                                            <div class=\"calluna-col calluna-count-1 calluna-col-2 fitvids\">\n                    <div class=\"room-image-wrapper\">\n                        <img decoding=\"async\" src=\"https:\/\/venetostalis.gr\/wp-content\/uploads\/1768340983867-75b80b8f-72a9-4069-8b3f-f8724f27fcb6_2-1000x577.jpg\" alt=\"room-image\" \/>\n                                            <\/div>\n                    <div class=\"title\">\n                        <a href=\"https:\/\/venetostalis.gr\/de\/room\/sea-view-studio\/\" title=\"erkunden\"><h3>erkunden<\/h3><\/a>\n                    <\/div>\n                    <div class=\"excerpt\">\n                        <p>Entdecken Sie die fantastische erfrischende Entspannung eines unserer Sea View Studios. Nur 100 Meter vom Meer entfernt, ...<\/p>\n                    <\/div>\n                    <a href=\"https:\/\/venetostalis.gr\/de\/room\/sea-view-studio\/\" title=\"erkunden\" class=\"calluna-button btn btn-primary mt35 style-1\">\n                        erkunden                    <\/a>\n                <\/div>    \n                \n\t\t\t\t\n            \n\t\t\t                                <div class=\"calluna-col calluna-count-2 calluna-col-2 fitvids\">\n                    <div class=\"room-image-wrapper\">\n                        <img decoding=\"async\" src=\"https:\/\/venetostalis.gr\/wp-content\/uploads\/3-1000x800.jpg\" alt=\"room-image\" \/>\n                                            <\/div>\n                    <div class=\"title\">\n                        <a href=\"https:\/\/venetostalis.gr\/de\/room\/sea-view-apartment\/\" title=\"Apartment mit Meerblick\"><h3>Apartment mit Meerblick<\/h3><\/a>\n                    <\/div>\n                    <div class=\"excerpt\">\n                        <p>Erleben Sie die fantastische, erfrischende Entspannung in einem unserer Apartments mit Meerblick. Nur 100 Meter vom Meer entfernt, im Herzen von Stalis, bietet das Veneto geschmackvoll eingerichtete Unterk\u00fcnfte mit...<\/p>\n                    <\/div>\n                    <a href=\"https:\/\/venetostalis.gr\/de\/room\/sea-view-apartment\/\" title=\"Apartment mit Meerblick\" class=\"calluna-button btn btn-primary mt35 style-1\">\n                        erkunden                    <\/a>\n                <\/div>    \n                \n\t\t\t\t\n            \n\t\t\t                                <div class=\"calluna-col calluna-count-3 calluna-col-2 fitvids\">\n                    <div class=\"room-image-wrapper\">\n                        <img decoding=\"async\" src=\"https:\/\/venetostalis.gr\/wp-content\/uploads\/1768340983867-75b80b8f-72a9-4069-8b3f-f8724f27fcb6_4-1000x577.jpg\" alt=\"room-image\" \/>\n                                            <\/div>\n                    <div class=\"title\">\n                        <a href=\"https:\/\/venetostalis.gr\/de\/room\/deluxe-studio\/\" title=\"Deluxe Studio Triple\"><h3>Deluxe Studio Triple<\/h3><\/a>\n                    <\/div>\n                    <div class=\"excerpt\">\n                        <p>Entdecken Sie die fantastische erfrischende Entspannung eines unserer Sea View Studios. Nur 100 Meter vom Meer entfernt, ...<\/p>\n                    <\/div>\n                    <a href=\"https:\/\/venetostalis.gr\/de\/room\/deluxe-studio\/\" title=\"Deluxe Studio Triple\" class=\"calluna-button btn btn-primary mt35 style-1\">\n                        erkunden                    <\/a>\n                <\/div>    \n                \n\t\t\t\t\n            \n\t\t\t                                <div class=\"calluna-col calluna-count-4 calluna-col-2 fitvids\">\n                    <div class=\"room-image-wrapper\">\n                        <img decoding=\"async\" src=\"https:\/\/venetostalis.gr\/wp-content\/uploads\/2-1-1000x800.jpg\" alt=\"room-image\" \/>\n                                            <\/div>\n                    <div class=\"title\">\n                        <a href=\"https:\/\/venetostalis.gr\/de\/room\/economy-apartment\/\" title=\"Deluxe Apartment\"><h3>Deluxe Apartment<\/h3><\/a>\n                    <\/div>\n                    <div class=\"excerpt\">\n                        <p>Erleben Sie die fantastische, erfrischende Entspannung in einem unserer Economy-Apartments. Nur 100 Meter vom Meer entfernt, im Ortsteil Stalis, bietet das Veneto geschmackvoll eingerichtete Unterk\u00fcnfte mit Kochnische...<\/p>\n                    <\/div>\n                    <a href=\"https:\/\/venetostalis.gr\/de\/room\/economy-apartment\/\" title=\"Deluxe Apartment\" class=\"calluna-button btn btn-primary mt35 style-1\">\n                        erkunden                    <\/a>\n                <\/div>    \n                \n\t\t\t\t\n            \n\t\t\t\n\t\t\t<\/div>\n\n\t\t\t<div class=\"clearfix\"><\/div>\n\n\t\t    <\/div><\/div><\/div><\/div><div class=\"vc_row-full-width vc_clearfix\"><\/div><div data-vc-full-width=\"true\" data-vc-full-width-init=\"false\" class=\"vc_row wpb_row vc_row-fluid vc_custom_1442754014929 vc_row-has-fill\"><div class=\"wpb_column vc_column_container vc_col-sm-2\"><div class=\"vc_column-inner\"><div class=\"wpb_wrapper\"><\/div><\/div><\/div><div class=\"wpb_column vc_column_container vc_col-sm-8\"><div class=\"vc_column-inner\"><div class=\"wpb_wrapper\"><h2 class=\"calluna-heading calluna-heading-single-line text-align-center\" ><span>Dienstleistungen w\u00e4hrend Ihres Aufenthaltes<\/span><\/h2>\n\t<div class=\"wpb_text_column wpb_content_element\" >\n\t\t<div class=\"wpb_wrapper\">\n\t\t\t<p class=\"teaser\" style=\"color:#444444; text-align:center;\"> Verbringen Sie Ihren Urlaub in den Veneto Sea View Apartments mit Ihrer Familie oder Freunden! Wir bieten alle Annehmlichkeiten, die Sie w\u00e4hrend Ihres Urlaubs in Stalis, Kreta, ben\u00f6tigen. Dar\u00fcber hinaus werden die Balkone mit freiem Meerblick auf die Bucht von Stalis zu Ihrem Lieblingsort zum Entspannen am Ende eines jeden Tages! <\/p>\n\n\t\t<\/div>\n\t<\/div>\n<\/div><\/div><\/div><div class=\"wpb_column vc_column_container vc_col-sm-2\"><div class=\"vc_column-inner\"><div class=\"wpb_wrapper\"><\/div><\/div><\/div><\/div><div class=\"vc_row-full-width vc_clearfix\"><\/div><div class=\"vc_row wpb_row vc_row-fluid vc_custom_1442745126772\"><div class=\"wpb_column vc_column_container vc_col-sm-12\"><div class=\"vc_column-inner\"><div class=\"wpb_wrapper\"><div class=\"vc_row wpb_row vc_inner vc_row-fluid\"><div class=\"wpb_column vc_column_container vc_col-sm-4\"><div class=\"vc_column-inner\"><div class=\"wpb_wrapper\">\n        <div class=\"calluna-icon-box clr calluna-icon-box-four align-center\">\n                            <img decoding=\"async\" class=\"calluna-icon-box-four-img-alt\" src=\"https:\/\/venetostalis.gr\/wp-content\/uploads\/kitchen.png\" alt=\"well-fitted kitchen\" style=\"width:80px;\" \/>\n                            <h4 class=\"calluna-icon-box-four-heading\" style=\"color:#0f2353;\">\n                    gut ausgestattete K\u00fcche                <\/h4>\n                    <\/div>\n        \n        <\/div><\/div><\/div><div class=\"wpb_column vc_column_container vc_col-sm-4\"><div class=\"vc_column-inner\"><div class=\"wpb_wrapper\">\n        <div class=\"calluna-icon-box clr calluna-icon-box-four align-center\">\n                            <img decoding=\"async\" class=\"calluna-icon-box-four-img-alt\" src=\"https:\/\/venetostalis.gr\/wp-content\/uploads\/bathroom.png\" alt=\"Spacious bathroom\" style=\"width:80px;\" \/>\n                            <h4 class=\"calluna-icon-box-four-heading\" style=\"color:#0f2353;\">\n                    Ger\u00e4umiges Badezimmer                <\/h4>\n                    <\/div>\n        \n        <\/div><\/div><\/div><div class=\"wpb_column vc_column_container vc_col-sm-4\"><div class=\"vc_column-inner\"><div class=\"wpb_wrapper\">\n        <div class=\"calluna-icon-box clr calluna-icon-box-four align-center\">\n                            <img decoding=\"async\" class=\"calluna-icon-box-four-img-alt\" src=\"https:\/\/venetostalis.gr\/wp-content\/uploads\/air-conditioner.png\" alt=\"Air-condition\" style=\"width:80px;\" \/>\n                            <h4 class=\"calluna-icon-box-four-heading\" style=\"color:#0f2353;\">\n                    Air-condition                <\/h4>\n                    <\/div>\n        \n        <\/div><\/div><\/div><\/div><div class=\"vc_row wpb_row vc_inner vc_row-fluid\"><div class=\"wpb_column vc_column_container vc_col-sm-12\"><div class=\"vc_column-inner\"><div class=\"wpb_wrapper\"><div class=\"vc_empty_space\"   style=\"height: 32px\"><span class=\"vc_empty_space_inner\"><\/span><\/div><\/div><\/div><\/div><\/div><div class=\"vc_row wpb_row vc_inner vc_row-fluid\"><div class=\"wpb_column vc_column_container vc_col-sm-4\"><div class=\"vc_column-inner\"><div class=\"wpb_wrapper\">\n        <div class=\"calluna-icon-box clr calluna-icon-box-four align-center\">\n                            <img decoding=\"async\" class=\"calluna-icon-box-four-img-alt\" src=\"https:\/\/venetostalis.gr\/wp-content\/uploads\/bed.png\" alt=\"Complete bed linen set\" style=\"width:80px;\" \/>\n                            <h4 class=\"calluna-icon-box-four-heading\" style=\"color:#0f2353;\">\n                    Komplettes Bettw\u00e4scheset                <\/h4>\n                    <\/div>\n        \n        <\/div><\/div><\/div><div class=\"wpb_column vc_column_container vc_col-sm-4\"><div class=\"vc_column-inner\"><div class=\"wpb_wrapper\">\n        <div class=\"calluna-icon-box clr calluna-icon-box-four 24\/h Gmy Access align-center\">\n                            <img decoding=\"async\" class=\"calluna-icon-box-four-img-alt\" src=\"https:\/\/venetostalis.gr\/wp-content\/uploads\/towel.png\" alt=\"Drying rack\" style=\"width:80px;\" \/>\n                            <h4 class=\"calluna-icon-box-four-heading\" style=\"color:#0f2353;\">\n                    W\u00e4schest\u00e4nder                <\/h4>\n                    <\/div>\n        \n        <\/div><\/div><\/div><div class=\"wpb_column vc_column_container vc_col-sm-4\"><div class=\"vc_column-inner\"><div class=\"wpb_wrapper\">\n        <div class=\"calluna-icon-box clr calluna-icon-box-four align-center\">\n                            <img decoding=\"async\" class=\"calluna-icon-box-four-img-alt\" src=\"https:\/\/venetostalis.gr\/wp-content\/uploads\/kettle.png\" alt=\"Eletric kettle\" style=\"width:80px;\" \/>\n                            <h4 class=\"calluna-icon-box-four-heading\" style=\"color:#0f2353;\">\n                    Wasserkocher                <\/h4>\n                    <\/div>\n        \n        <\/div><\/div><\/div><\/div><div class=\"vc_row wpb_row vc_inner vc_row-fluid\"><div class=\"wpb_column vc_column_container vc_col-sm-12\"><div class=\"vc_column-inner\"><div class=\"wpb_wrapper\"><div class=\"vc_empty_space\"   style=\"height: 32px\"><span class=\"vc_empty_space_inner\"><\/span><\/div><\/div><\/div><\/div><\/div><div class=\"vc_row wpb_row vc_inner vc_row-fluid\"><div class=\"wpb_column vc_column_container vc_col-sm-4\"><div class=\"vc_column-inner\"><div class=\"wpb_wrapper\">\n        <div class=\"calluna-icon-box clr calluna-icon-box-four align-center\">\n                            <img decoding=\"async\" class=\"calluna-icon-box-four-img-alt\" src=\"https:\/\/venetostalis.gr\/wp-content\/uploads\/refrigerator.png\" alt=\"Refrigerator\" style=\"width:80px;\" \/>\n                            <h4 class=\"calluna-icon-box-four-heading\" style=\"color:#0f2353;\">\n                    K\u00fchlschrank                <\/h4>\n                    <\/div>\n        \n        <\/div><\/div><\/div><div class=\"wpb_column vc_column_container vc_col-sm-4\"><div class=\"vc_column-inner\"><div class=\"wpb_wrapper\">\n        <div class=\"calluna-icon-box clr calluna-icon-box-four align-center\">\n                            <img decoding=\"async\" class=\"calluna-icon-box-four-img-alt\" src=\"https:\/\/venetostalis.gr\/wp-content\/uploads\/wifi.png\" alt=\"Free WiFi Internet\" style=\"width:80px;\" \/>\n                            <h4 class=\"calluna-icon-box-four-heading\" style=\"color:#0f2353;\">\n                    Free WiFi Internet                <\/h4>\n                    <\/div>\n        \n        <\/div><\/div><\/div><div class=\"wpb_column vc_column_container vc_col-sm-4\"><div class=\"vc_column-inner\"><div class=\"wpb_wrapper\">\n        <div class=\"calluna-icon-box clr calluna-icon-box-four align-center\">\n                            <img decoding=\"async\" class=\"calluna-icon-box-four-img-alt\" src=\"https:\/\/venetostalis.gr\/wp-content\/uploads\/safe-box.png\" alt=\"Safety deposit box\" style=\"width:80px;\" \/>\n                            <h4 class=\"calluna-icon-box-four-heading\" style=\"color:#0f2353;\">\n                    Safe                <\/h4>\n                    <\/div>\n        \n        <\/div><\/div><\/div><\/div><\/div><\/div><\/div><\/div>","protected":false},"excerpt":{"rendered":"Discover the fantastic refreshing relaxation of one of our Deluxe\u00a0 Apartment. Just 100 metres away from the sea, in the area of Stalis, Veneto offers tastefully furnished accommodation with kitchenette facilities and private balconies. Set amidst a lush garden, it encapsulates the beautiful nature landscape of the island.","protected":false},"author":1,"featured_media":0,"parent":0,"menu_order":0,"comment_status":"closed","ping_status":"closed","template":"","meta":{"footnotes":""},"folder":[],"class_list":["post-46","page","type-page","status-publish","hentry"],"_links":{"self":[{"href":"https:\/\/venetostalis.gr\/de\/wp-json\/wp\/v2\/pages\/46","targetHints":{"allow":["GET"]}}],"collection":[{"href":"https:\/\/venetostalis.gr\/de\/wp-json\/wp\/v2\/pages"}],"about":[{"href":"https:\/\/venetostalis.gr\/de\/wp-json\/wp\/v2\/types\/page"}],"author":[{"embeddable":true,"href":"https:\/\/venetostalis.gr\/de\/wp-json\/wp\/v2\/users\/1"}],"replies":[{"embeddable":true,"href":"https:\/\/venetostalis.gr\/de\/wp-json\/wp\/v2\/comments?post=46"}],"version-history":[{"count":28,"href":"https:\/\/venetostalis.gr\/de\/wp-json\/wp\/v2\/pages\/46\/revisions"}],"predecessor-version":[{"id":2522,"href":"https:\/\/venetostalis.gr\/de\/wp-json\/wp\/v2\/pages\/46\/revisions\/2522"}],"wp:attachment":[{"href":"https:\/\/venetostalis.gr\/de\/wp-json\/wp\/v2\/media?parent=46"}],"wp:term":[{"taxonomy":"folder","embeddable":true,"href":"https:\/\/venetostalis.gr\/de\/wp-json\/wp\/v2\/folder?post=46"}],"curies":[{"name":"wp","href":"https:\/\/api.w.org\/{rel}","templated":true}]}}